{"id":99,"date":"2016-04-25T11:45:10","date_gmt":"2016-04-25T11:45:10","guid":{"rendered":"http:\/\/www.wildhogs.cz\/?page_id=99"},"modified":"2022-01-15T13:57:02","modified_gmt":"2022-01-15T11:57:02","slug":"vobrazky","status":"publish","type":"page","link":"https:\/\/www.wildhogs.cz\/index.php\/vobrazky\/","title":{"rendered":"Galerie"},"content":{"rendered":"<ul>\n<li style=\"list-style-type: none;\">\n<ul>\n<li><a href=\"https:\/\/youtu.be\/QcboCi1eQxo\">Enduro\u0161kola 2010<\/a><\/li>\n<li style=\"text-align: left;\"><a href=\"https:\/\/www.wildhogs.cz\/index.php\/pekelne-doly-29-8-2008\/\"><del><\/del><strong>Pekeln\u00e9<\/strong><\/a><strong><a href=\"https:\/\/www.wildhogs.cz\/index.php\/pekelne-doly-29-8-2008\/\"> doly, 29.8.2008<\/a><\/strong><\/li>\n<li><strong><a href=\"https:\/\/www.wildhogs.cz\/index.php\/vobrazky\/dukla2009\/\">Dukla, Slovensko 2009<\/a><\/strong><\/li>\n<li><strong><a href=\"https:\/\/www.wildhogs.cz\/index.php\/pevnostni-tvrz-bouda-kraliky-morava\/\">Pevnostn\u00ed srub Bouda, Kr\u00e1l\u00edky 19.7.2009<\/a><\/strong><\/li>\n<li><strong><a href=\"https:\/\/www.wildhogs.cz\/index.php\/lipno-2-10-2009\/\">Lipno, Penzion &#8220;U Karla&#8221; 2.10.2009<\/a><\/strong><\/li>\n<\/ul>\n<\/li>\n<\/ul>\n<ul>\n<li style=\"list-style-type: none;\">\n<ul>\n<li><a href=\"https:\/\/www.wildhogs.cz\/index.php\/pekelne-doly-29-8-2008\/\"><del><\/del><strong>Pekeln\u00e9<\/strong><\/a><strong><a href=\"https:\/\/www.wildhogs.cz\/index.php\/pekelne-doly-29-8-2008\/\"> doly, 29.8.2008<\/a><\/strong><\/li>\n<li><strong><a href=\"https:\/\/www.wildhogs.cz\/index.php\/vobrazky\/dukla2009\/\">Dukla, Slovensko 2009<\/a><\/strong><\/li>\n<li><strong><a href=\"https:\/\/www.wildhogs.cz\/index.php\/pevnostni-tvrz-bouda-kraliky-morava\/\">Pevnostn\u00ed srub Bouda, Kr\u00e1l\u00edky 19.7.2009<\/a><\/strong><\/li>\n<li><strong><a href=\"https:\/\/www.wildhogs.cz\/index.php\/lipno-2-10-2009\/\">Lipno, Penzion \u201cU Karla\u201d 2.10.2009<\/a><\/strong><\/li>\n<li><strong><a href=\"https:\/\/www.wildhogs.cz\/index.php\/enduroskola-kveten-2010\/\">Enduro\u0160kola, kv\u011bten 2010<\/a><\/strong><\/li>\n<\/ul>\n<\/li>\n<li style=\"list-style-type: none;\">\n<ul>\n<li><strong><a href=\"https:\/\/www.wildhogs.cz\/index.php\/2010_05_06_doupov\/\">Doupov, 6.5.2010<\/a><\/strong><\/li>\n<li><strong><a href=\"https:\/\/www.wildhogs.cz\/index.php\/southafrica-2012\/\">Ji\u017en\u00ed Afrika 2012<\/a><\/strong><\/li>\n<li><a href=\"https:\/\/youtu.be\/yp6W7FJlTCk\"><strong>Vietnam 2013_prezentace<\/strong><\/a>, <strong><a href=\"https:\/\/www.wildhogs.cz\/index.php\/vietnam2013\/\">Galerie<\/a><\/strong><\/li>\n<li><a href=\"https:\/\/www.wildhogs.cz\/index.php\/bohemia-around-2014_1cast\/\"><strong>Bohemia Around 2014, 1.\u010d\u00e1st<\/strong><\/a><\/li>\n<li><a href=\"https:\/\/www.wildhogs.cz\/index.php\/bohemiaaround-2-cast-2015\/\"><strong>Bohemia Around 2015, 2.\u010d\u00e1st<\/strong><\/a><\/li>\n<li><a href=\"https:\/\/www.wildhogs.cz\/index.php\/piemont-2016\/\"><strong>Piemont 2016<\/strong><\/a><\/li>\n<li><a href=\"https:\/\/www.wildhogs.cz\/index.php\/peru-2019\/\"><strong>Peru 2019<\/strong><\/a><\/li>\n<li><a href=\"https:\/\/www.wildhogs.cz\/index.php\/bosna-2021_4x4\/\">Bosna 2021, 4\u00d74<\/a><\/li>\n<\/ul>\n<\/li>\n<\/ul>\n\n\n<p><\/p>\n","protected":false},"excerpt":{"rendered":"<p>Enduro\u0161kola 2010 Pekeln\u00e9 doly, 29.8.2008 Dukla, Slovensko 2009 Pevnostn\u00ed srub Bouda, Kr\u00e1l\u00edky 19.7.2009 Lipno, Penzion &#8220;U Karla&#8221; 2.10.2009 Pekeln\u00e9 doly,<\/p>\n<p><a href=\"https:\/\/www.wildhogs.cz\/index.php\/vobrazky\/\" class=\"more-link\">Continue reading<span class=\"screen-reader-text\">Galerie<\/span><\/a><\/p>\n","protected":false},"author":1,"featured_media":0,"parent":0,"menu_order":0,"comment_status":"closed","ping_status":"closed","template":"","meta":{"ngg_post_thumbnail":0,"footnotes":""},"class_list":["post-99","page","type-page","status-publish","hentry"],"_links":{"self":[{"href":"https:\/\/www.wildhogs.cz\/index.php\/wp-json\/wp\/v2\/pages\/99","targetHints":{"allow":["GET"]}}],"collection":[{"href":"https:\/\/www.wildhogs.cz\/index.php\/wp-json\/wp\/v2\/pages"}],"about":[{"href":"https:\/\/www.wildhogs.cz\/index.php\/wp-json\/wp\/v2\/types\/page"}],"author":[{"embeddable":true,"href":"https:\/\/www.wildhogs.cz\/index.php\/wp-json\/wp\/v2\/users\/1"}],"replies":[{"embeddable":true,"href":"https:\/\/www.wildhogs.cz\/index.php\/wp-json\/wp\/v2\/comments?post=99"}],"version-history":[{"count":34,"href":"https:\/\/www.wildhogs.cz\/index.php\/wp-json\/wp\/v2\/pages\/99\/revisions"}],"predecessor-version":[{"id":2747,"href":"https:\/\/www.wildhogs.cz\/index.php\/wp-json\/wp\/v2\/pages\/99\/revisions\/2747"}],"wp:attachment":[{"href":"https:\/\/www.wildhogs.cz\/index.php\/wp-json\/wp\/v2\/media?parent=99"}],"curies":[{"name":"wp","href":"https:\/\/api.w.org\/{rel}","templated":true}]}}