{"id":609,"date":"2016-04-25T14:40:03","date_gmt":"2016-04-25T14:40:03","guid":{"rendered":"http:\/\/www.wildhogs.cz\/?page_id=609"},"modified":"2022-01-12T16:55:50","modified_gmt":"2022-01-12T14:55:50","slug":"nostalgie","status":"publish","type":"page","link":"https:\/\/www.wildhogs.cz\/index.php\/nostalgie\/","title":{"rendered":"Nostalgie"},"content":{"rendered":"<p>Zde zmi\u0148uji motov\u00fdlety, o kter\u00fdch m\u00e1&nbsp;smysl se zm\u00ednit&#8230;<\/p>\n<p><strong>Peru\u00e1nsk\u00e1 odyssea &#8211; InkaStory &#8211; 4\/5 2019<\/strong><\/p>\n<p><iframe loading=\"lazy\" title=\"InkaStory   Perua\u0301nska\u0301 Odyssea 2019\" width=\"920\" height=\"518\" src=\"https:\/\/www.youtube.com\/embed\/NAaTdvyQT5k?feature=oembed\" frameborder=\"0\" allow=\"accelerometer; autoplay; clipboard-write; encrypted-media; gyroscope; picture-in-picture; web-share\" referrerpolicy=\"strict-origin-when-cross-origin\" allowfullscreen><\/iframe><\/p>\n<p><strong>V\u00fdprava CzechMotoPiemont2016<\/strong><\/p>\n<p><iframe loading=\"lazy\" title=\"CzechMotoPiemont_2016\" width=\"920\" height=\"518\" src=\"https:\/\/www.youtube.com\/embed\/SesIOvqDVFA?feature=oembed\" frameborder=\"0\" allow=\"accelerometer; autoplay; clipboard-write; encrypted-media; gyroscope; picture-in-picture; web-share\" referrerpolicy=\"strict-origin-when-cross-origin\" allowfullscreen><\/iframe><\/p>\n<p><a href=\"https:\/\/www.wildhogs.cz\/index.php\/stopy-projete\/\">Souhrn ulo\u017een\u00fdch projet\u00fdch stop<\/a><\/p>\n<p><a href=\"https:\/\/www.wildhogs.cz\/index.php\/sadilkovo-motani-2016-jaro\/\">Sad\u00edlkovo mot\u00e1n\u00ed, jaro 2016<\/a><\/p>\n<p><strong>Rumunsko, poho\u0159\u00ed Bihor, 30.4.2011<\/strong><\/p>\n<p>&nbsp;<\/p>\n<p>&nbsp;<\/p>\n<p>&nbsp;<\/p>\n","protected":false},"excerpt":{"rendered":"<p>Zde zmi\u0148uji motov\u00fdlety, o kter\u00fdch m\u00e1&nbsp;smysl se zm\u00ednit&#8230; Peru\u00e1nsk\u00e1 odyssea &#8211; InkaStory &#8211; 4\/5 2019 V\u00fdprava CzechMotoPiemont2016 Souhrn ulo\u017een\u00fdch projet\u00fdch<\/p>\n<p><a href=\"https:\/\/www.wildhogs.cz\/index.php\/nostalgie\/\" class=\"more-link\">Continue reading<span class=\"screen-reader-text\">Nostalgie<\/span><\/a><\/p>\n","protected":false},"author":1,"featured_media":0,"parent":0,"menu_order":0,"comment_status":"closed","ping_status":"closed","template":"","meta":{"ngg_post_thumbnail":0,"footnotes":""},"class_list":["post-609","page","type-page","status-publish","hentry"],"_links":{"self":[{"href":"https:\/\/www.wildhogs.cz\/index.php\/wp-json\/wp\/v2\/pages\/609","targetHints":{"allow":["GET"]}}],"collection":[{"href":"https:\/\/www.wildhogs.cz\/index.php\/wp-json\/wp\/v2\/pages"}],"about":[{"href":"https:\/\/www.wildhogs.cz\/index.php\/wp-json\/wp\/v2\/types\/page"}],"author":[{"embeddable":true,"href":"https:\/\/www.wildhogs.cz\/index.php\/wp-json\/wp\/v2\/users\/1"}],"replies":[{"embeddable":true,"href":"https:\/\/www.wildhogs.cz\/index.php\/wp-json\/wp\/v2\/comments?post=609"}],"version-history":[{"count":14,"href":"https:\/\/www.wildhogs.cz\/index.php\/wp-json\/wp\/v2\/pages\/609\/revisions"}],"predecessor-version":[{"id":2704,"href":"https:\/\/www.wildhogs.cz\/index.php\/wp-json\/wp\/v2\/pages\/609\/revisions\/2704"}],"wp:attachment":[{"href":"https:\/\/www.wildhogs.cz\/index.php\/wp-json\/wp\/v2\/media?parent=609"}],"curies":[{"name":"wp","href":"https:\/\/api.w.org\/{rel}","templated":true}]}}