{"id":603,"date":"2016-04-25T14:35:15","date_gmt":"2016-04-25T14:35:15","guid":{"rendered":"http:\/\/www.wildhogs.cz\/?page_id=603"},"modified":"2017-02-10T22:44:46","modified_gmt":"2017-02-10T20:44:46","slug":"planujeme","status":"publish","type":"page","link":"https:\/\/www.wildhogs.cz\/index.php\/planujeme\/","title":{"rendered":"Pl\u00e1nujeme&#8230;"},"content":{"rendered":"<p>Zde najdete ve\u0161ker\u00e9 n\u00e1m\u011bty a \u00favahy o motov\u00fdletech, kter\u00e9 jsou zat\u00edm pouze v pl\u00e1nu.<\/p>\n<p><strong>Cambodia 2017<\/strong><\/p>\n<p>11.2.2017: Tak\u017ee dnes ji\u017e zakoupeny letenky pro 5 soudruh\u016f, z Prahe p\u0159\u00edm\u00fd let do \u0160anghaje, tam jako\u017ee celodenn\u00ed v\u00fdlet po m\u011bste\u010dku \ud83d\ude42 a pak \u0161upem do Kambod\u017ee.<\/p>\n<p>Zat\u00edm trasa:<\/p>\n<p><a href=\"https:\/\/www.wildhogs.cz\/download\/stopy\/cambodia.gpx\">Moto_Cambodia_2017 (gpx)<\/a><\/p>\n<p><a href=\"https:\/\/www.wildhogs.cz\/download\/stopy\/cambodia.kml\">Moto_Cambodia_2017 (kml)<\/a><\/p>\n<p>&nbsp;<\/p>\n<p>&nbsp;<\/p>\n<p>realizov\u00e1no<\/p>\n<p>&#8212;&#8212;&#8212;&#8212;&#8212;&#8212;-<\/p>\n<p><a href=\"https:\/\/www.wildhogs.cz\/index.php\/sumava-po-cervene-2016\/\">\u0160umava &#8220;po \u010derven\u00e9&#8221; 2016<\/a><\/p>\n<p><a href=\"https:\/\/www.wildhogs.cz\/index.php\/alpy-piemont-2016\/\">Alpy Piemont 2016<\/a>&nbsp;&#8211; ji\u017e za n\u00e1mi, nyn\u00ed v sekci nostalgie \ud83d\ude42<\/p>\n","protected":false},"excerpt":{"rendered":"<p>Zde najdete ve\u0161ker\u00e9 n\u00e1m\u011bty a \u00favahy o motov\u00fdletech, kter\u00e9 jsou zat\u00edm pouze v pl\u00e1nu. Cambodia 2017 11.2.2017: Tak\u017ee dnes ji\u017e<\/p>\n<p><a href=\"https:\/\/www.wildhogs.cz\/index.php\/planujeme\/\" class=\"more-link\">Continue reading<span class=\"screen-reader-text\">Pl\u00e1nujeme&#8230;<\/span><\/a><\/p>\n","protected":false},"author":1,"featured_media":0,"parent":0,"menu_order":0,"comment_status":"closed","ping_status":"closed","template":"","meta":{"ngg_post_thumbnail":0,"footnotes":""},"class_list":["post-603","page","type-page","status-publish","hentry"],"_links":{"self":[{"href":"https:\/\/www.wildhogs.cz\/index.php\/wp-json\/wp\/v2\/pages\/603","targetHints":{"allow":["GET"]}}],"collection":[{"href":"https:\/\/www.wildhogs.cz\/index.php\/wp-json\/wp\/v2\/pages"}],"about":[{"href":"https:\/\/www.wildhogs.cz\/index.php\/wp-json\/wp\/v2\/types\/page"}],"author":[{"embeddable":true,"href":"https:\/\/www.wildhogs.cz\/index.php\/wp-json\/wp\/v2\/users\/1"}],"replies":[{"embeddable":true,"href":"https:\/\/www.wildhogs.cz\/index.php\/wp-json\/wp\/v2\/comments?post=603"}],"version-history":[{"count":9,"href":"https:\/\/www.wildhogs.cz\/index.php\/wp-json\/wp\/v2\/pages\/603\/revisions"}],"predecessor-version":[{"id":889,"href":"https:\/\/www.wildhogs.cz\/index.php\/wp-json\/wp\/v2\/pages\/603\/revisions\/889"}],"wp:attachment":[{"href":"https:\/\/www.wildhogs.cz\/index.php\/wp-json\/wp\/v2\/media?parent=603"}],"curies":[{"name":"wp","href":"https:\/\/api.w.org\/{rel}","templated":true}]}}