{"id":600,"date":"2016-04-25T14:32:53","date_gmt":"2016-04-25T14:32:53","guid":{"rendered":"http:\/\/www.wildhogs.cz\/?page_id=600"},"modified":"2016-04-25T14:32:53","modified_gmt":"2016-04-25T14:32:53","slug":"sumava-po-cervene-2016","status":"publish","type":"page","link":"https:\/\/www.wildhogs.cz\/index.php\/sumava-po-cervene-2016\/","title":{"rendered":"\u0160umava &#8220;po \u010derven\u00e9&#8221; 2016"},"content":{"rendered":"<p>Na st\u0159edu 27.4.2016 napl\u00e1nov\u00e1na dvoudenn\u00ed \u0161umavsk\u00e1 enduro z\u00e1le\u017eitost, \u00fa\u010dastn\u00edci v\u011bd\u00ed&#8230;<\/p>\n","protected":false},"excerpt":{"rendered":"<p>Na st\u0159edu 27.4.2016 napl\u00e1nov\u00e1na dvoudenn\u00ed \u0161umavsk\u00e1 enduro z\u00e1le\u017eitost, \u00fa\u010dastn\u00edci v\u011bd\u00ed&#8230;<\/p>\n","protected":false},"author":1,"featured_media":0,"parent":0,"menu_order":0,"comment_status":"closed","ping_status":"closed","template":"","meta":{"ngg_post_thumbnail":0,"footnotes":""},"class_list":["post-600","page","type-page","status-publish","hentry"],"_links":{"self":[{"href":"https:\/\/www.wildhogs.cz\/index.php\/wp-json\/wp\/v2\/pages\/600","targetHints":{"allow":["GET"]}}],"collection":[{"href":"https:\/\/www.wildhogs.cz\/index.php\/wp-json\/wp\/v2\/pages"}],"about":[{"href":"https:\/\/www.wildhogs.cz\/index.php\/wp-json\/wp\/v2\/types\/page"}],"author":[{"embeddable":true,"href":"https:\/\/www.wildhogs.cz\/index.php\/wp-json\/wp\/v2\/users\/1"}],"replies":[{"embeddable":true,"href":"https:\/\/www.wildhogs.cz\/index.php\/wp-json\/wp\/v2\/comments?post=600"}],"version-history":[{"count":1,"href":"https:\/\/www.wildhogs.cz\/index.php\/wp-json\/wp\/v2\/pages\/600\/revisions"}],"predecessor-version":[{"id":601,"href":"https:\/\/www.wildhogs.cz\/index.php\/wp-json\/wp\/v2\/pages\/600\/revisions\/601"}],"wp:attachment":[{"href":"https:\/\/www.wildhogs.cz\/index.php\/wp-json\/wp\/v2\/media?parent=600"}],"curies":[{"name":"wp","href":"https:\/\/api.w.org\/{rel}","templated":true}]}}