{"id":50,"date":"2016-04-24T13:28:36","date_gmt":"2016-04-24T13:28:36","guid":{"rendered":"http:\/\/www.wildhogs.cz\/?page_id=50"},"modified":"2019-07-11T16:42:48","modified_gmt":"2019-07-11T14:42:48","slug":"stopy-projete","status":"publish","type":"page","link":"https:\/\/www.wildhogs.cz\/index.php\/stopy-projete\/","title":{"rendered":"Stopy projet\u00e9"},"content":{"rendered":"<p>Jednotliv\u00e9 projet\u00e9 stopy ve form\u00e1tu gdb, pop\u0159. gpx, takt\u00e9\u017e ve form\u00e1tu kml (google earth)<\/p>\n<p><em><a href=\"https:\/\/www.wildhogs.cz\/download\/stopy\/Penzion_U_Karla_Plzen.kmz\">Penzion u Karla, Lipno, 3.10.2009<\/a><\/em><\/p>\n<p><em><a href=\"https:\/\/www.wildhogs.cz\/download\/stopy\/Dukla2009.kml\">Dukelsk\u00fd pr\u016fsmyk SK, 22.5.2009<\/a><\/em><\/p>\n<p><em><a href=\"https:\/\/www.wildhogs.cz\/download\/stopy\/Alpy_stopa.kmz\">Alpy 2009,19.6.2009, Zel am See, Berchtesgaden<\/a><\/em><\/p>\n<p>&nbsp;<\/p>\n<p><strong>It\u00e1lie\/Francie &#8211; Piemontsko, l\u00e9to 2010<\/strong><\/p>\n<p><em><a href=\"https:\/\/www.wildhogs.cz\/download\/stopy\/AlpyPiemont2010.kmz\">Alpy Piemont 2010<\/a><\/em><\/p>\n<p><em><a href=\"https:\/\/www.wildhogs.cz\/download\/stopy\/Piemont2016.kmz\">Alpy Piemont 2016<\/a><\/em><\/p>\n<p>&nbsp;<\/p>\n<p><strong>Rumunsko, poho\u0159\u00ed Bihor, 30.4.2011<\/strong><\/p>\n<p><em><a href=\"https:\/\/www.wildhogs.cz\/download\/stopy\/Rumunsko_bihor\/1_jeskyne.kml\">Rumunsko, poho\u0159\u00ed Bihor 1.den<\/a><\/em><\/p>\n<p><em><a href=\"https:\/\/www.wildhogs.cz\/download\/stopy\/Rumunsko_bihor\/2_draci _prehrada.kml\">Rumunsko, poho\u0159\u00ed Bihor 2.den<\/a><\/em><\/p>\n<p><em><a href=\"https:\/\/www.wildhogs.cz\/download\/stopy\/Rumunsko_bihor\/3_Fantanele_Lake.kml\">Rumunsko, poho\u0159\u00ed Bihor 3.den<\/a><\/em><\/p>\n<p><em><a href=\"https:\/\/www.wildhogs.cz\/download\/stopy\/Rumunsko_bihor\/4_za_barvami_Zeme.kml\">Rumunsko, poho\u0159\u00ed Bihor 4.den<\/a><\/em><\/p>\n<p><em><a href=\"https:\/\/www.wildhogs.cz\/download\/stopy\/Rumunsko_bihor\/5_na_vrch_Vladeasa.kml\">Rumunsko, poho\u0159\u00ed Bihor 5.den<\/a><\/em><\/p>\n<p><strong>South Africa, 4.3.2012<\/strong><\/p>\n<p><em><a href=\"https:\/\/www.wildhogs.cz\/download\/stopy\/SoutAfrica2012_moto.kml\">South Africa, moto, projet\u00e1 stopa<\/a><\/em><\/p>\n<p><strong>Vietnam, 12.4.2013<\/strong><\/p>\n<p><em><a href=\"https:\/\/www.wildhogs.cz\/download\/stopy\/VietnamRadek2.kmz\">Severn\u00ed Vietnam moto, projet\u00e1 stopa<\/a><\/em><\/p>\n<p>Videoz\u00e1znam&nbsp; snad \u010dasem&#8230;<\/p>\n<p>&nbsp;<\/p>\n<p><strong>\u010cR &#8211; Kolem\/dokola 2015<\/strong><\/p>\n<p><a href=\"https:\/\/www.wildhogs.cz\/download\/stopy\/CelaCR_pravotocive.kml\"><em>Objezd republiky, projet\u00e1 stopa(GoogleEarth)<\/em><\/a><\/p>\n<p><a href=\"https:\/\/www.wildhogs.cz\/download\/stopy\/CelaCR_pravotocive.gpx\"><em>Objezd republiky, projet\u00e1 stopa(gpx)<\/em><\/a><\/p>\n<p><strong>Moto Piemont2016<\/strong><\/p>\n<p><a href=\"https:\/\/www.wildhogs.cz\/index.php\/vyprava-czechmotopiemont2016\/\">Kr\u00e1tk\u00e9 shrnut\u00ed<\/a><\/p>\n<p><a href=\"https:\/\/www.wildhogs.cz\/download\/stopy\/Piemont2016.gpx\">Stopa projet\u00e1&nbsp;gpx<\/a><\/p>\n<p><a href=\"https:\/\/www.wildhogs.cz\/download\/stopy\/Piemont2016.kmz\">stopa projet\u00e1 kmz (GoogleEarth)<\/a><\/p>\n<p><strong>Moto Cambodia 2017<\/strong><\/p>\n<p><a href=\"https:\/\/www.wildhogs.cz\/download\/stopy\/Cambodia_vse.GPX\">stopa projet\u00e1 gpx<\/a><\/p>\n<p><strong>Peru\u00e1nsk\u00e1 odyssea &#8211; InkaStory 2019<\/strong><\/p>\n<p>stopa se chyst\u00e1<\/p>\n<p>&nbsp;<\/p>\n<p>&nbsp;<\/p>\n<p>&nbsp;<\/p>\n","protected":false},"excerpt":{"rendered":"<p>Jednotliv\u00e9 projet\u00e9 stopy ve form\u00e1tu gdb, pop\u0159. gpx, takt\u00e9\u017e ve form\u00e1tu kml (google earth) Penzion u Karla, Lipno, 3.10.2009 Dukelsk\u00fd<\/p>\n<p><a href=\"https:\/\/www.wildhogs.cz\/index.php\/stopy-projete\/\" class=\"more-link\">Continue reading<span class=\"screen-reader-text\">Stopy projet\u00e9<\/span><\/a><\/p>\n","protected":false},"author":1,"featured_media":0,"parent":0,"menu_order":0,"comment_status":"closed","ping_status":"closed","template":"","meta":{"ngg_post_thumbnail":0,"footnotes":""},"class_list":["post-50","page","type-page","status-publish","hentry"],"_links":{"self":[{"href":"https:\/\/www.wildhogs.cz\/index.php\/wp-json\/wp\/v2\/pages\/50","targetHints":{"allow":["GET"]}}],"collection":[{"href":"https:\/\/www.wildhogs.cz\/index.php\/wp-json\/wp\/v2\/pages"}],"about":[{"href":"https:\/\/www.wildhogs.cz\/index.php\/wp-json\/wp\/v2\/types\/page"}],"author":[{"embeddable":true,"href":"https:\/\/www.wildhogs.cz\/index.php\/wp-json\/wp\/v2\/users\/1"}],"replies":[{"embeddable":true,"href":"https:\/\/www.wildhogs.cz\/index.php\/wp-json\/wp\/v2\/comments?post=50"}],"version-history":[{"count":46,"href":"https:\/\/www.wildhogs.cz\/index.php\/wp-json\/wp\/v2\/pages\/50\/revisions"}],"predecessor-version":[{"id":900,"href":"https:\/\/www.wildhogs.cz\/index.php\/wp-json\/wp\/v2\/pages\/50\/revisions\/900"}],"wp:attachment":[{"href":"https:\/\/www.wildhogs.cz\/index.php\/wp-json\/wp\/v2\/media?parent=50"}],"curies":[{"name":"wp","href":"https:\/\/api.w.org\/{rel}","templated":true}]}}