{"id":478,"date":"2016-04-25T12:44:10","date_gmt":"2016-04-25T10:44:10","guid":{"rendered":"http:\/\/www.wildhogs.cz\/index.php\/pevnostni-tvrz-bouda-kraliky-morava\/"},"modified":"2016-04-25T12:44:10","modified_gmt":"2016-04-25T12:44:10","slug":"pevnostni-tvrz-bouda-kraliky-morava","status":"publish","type":"page","link":"https:\/\/www.wildhogs.cz\/index.php\/pevnostni-tvrz-bouda-kraliky-morava\/","title":{"rendered":"Pevnostn\u00ed tvrz Bouda, Kr\u00e1l\u00edky, Morava"},"content":{"rendered":"ngg_shortcode_0_placeholder\n","protected":false},"excerpt":{"rendered":"","protected":false},"author":1,"featured_media":0,"parent":0,"menu_order":0,"comment_status":"closed","ping_status":"closed","template":"","meta":{"ngg_post_thumbnail":0,"footnotes":""},"class_list":["post-478","page","type-page","status-publish","hentry"],"_links":{"self":[{"href":"https:\/\/www.wildhogs.cz\/index.php\/wp-json\/wp\/v2\/pages\/478","targetHints":{"allow":["GET"]}}],"collection":[{"href":"https:\/\/www.wildhogs.cz\/index.php\/wp-json\/wp\/v2\/pages"}],"about":[{"href":"https:\/\/www.wildhogs.cz\/index.php\/wp-json\/wp\/v2\/types\/page"}],"author":[{"embeddable":true,"href":"https:\/\/www.wildhogs.cz\/index.php\/wp-json\/wp\/v2\/users\/1"}],"replies":[{"embeddable":true,"href":"https:\/\/www.wildhogs.cz\/index.php\/wp-json\/wp\/v2\/comments?post=478"}],"version-history":[{"count":0,"href":"https:\/\/www.wildhogs.cz\/index.php\/wp-json\/wp\/v2\/pages\/478\/revisions"}],"wp:attachment":[{"href":"https:\/\/www.wildhogs.cz\/index.php\/wp-json\/wp\/v2\/media?parent=478"}],"curies":[{"name":"wp","href":"https:\/\/api.w.org\/{rel}","templated":true}]}}