{"id":44,"date":"2016-04-24T12:26:48","date_gmt":"2016-04-24T12:26:48","guid":{"rendered":"http:\/\/www.wildhogs.cz\/?page_id=44"},"modified":"2016-04-24T12:29:05","modified_gmt":"2016-04-24T12:29:05","slug":"sadilkovo-motani-2016-jaro","status":"publish","type":"page","link":"https:\/\/www.wildhogs.cz\/index.php\/sadilkovo-motani-2016-jaro\/","title":{"rendered":"Sad\u00edlkovo mot\u00e1n\u00ed 2016, jaro"},"content":{"rendered":"<p>V po\u010dtu 4 lid\u00ed, tedy dvou team\u016f jsme se z\u00fa\u010dastnili t\u00e9to akce.<\/p>\n<p>Team KaMA (Petr plus Ondra) obsadili super 2.m\u00edsto!!!<\/p>\n<p>Team R.A.F. (Radek plus Fred) neobsadil z d\u016fvod\u016f WildHogs rivality pro jistotu m\u00edsto \u017e\u00e1dn\u00e9 \ud83d\ude42<\/p>\n<p>lehk\u00e9 p\u0159ipomenut\u00ed z\u00e1v\u011bre\u010dn\u00e9 technick\u00e9 discipl\u00edny zde:<\/p>\n<div class=\"epyt-video-wrapper\"><iframe loading=\"lazy\"  id=\"_ytid_75856\"  width=\"920\" height=\"518\"  data-origwidth=\"920\" data-origheight=\"518\" src=\"https:\/\/www.youtube.com\/embed\/GSDC9j3YU8M?enablejsapi=1&#038;autoplay=0&#038;cc_load_policy=0&#038;cc_lang_pref=&#038;iv_load_policy=1&#038;loop=0&#038;modestbranding=1&#038;rel=1&#038;fs=1&#038;playsinline=1&#038;autohide=2&#038;theme=dark&#038;color=red&#038;controls=1&#038;\" class=\"__youtube_prefs__  epyt-is-override  no-lazyload\" title=\"YouTube player\"  allow=\"fullscreen; accelerometer; autoplay; clipboard-write; encrypted-media; gyroscope; picture-in-picture\" allowfullscreen data-no-lazy=\"1\" data-skipgform_ajax_framebjll=\"\"><\/iframe><\/div>\n<p>&nbsp;<\/p>\n","protected":false},"excerpt":{"rendered":"<p>V po\u010dtu 4 lid\u00ed, tedy dvou team\u016f jsme se z\u00fa\u010dastnili t\u00e9to akce. Team KaMA (Petr plus Ondra) obsadili super 2.m\u00edsto!!!<\/p>\n<p><a href=\"https:\/\/www.wildhogs.cz\/index.php\/sadilkovo-motani-2016-jaro\/\" class=\"more-link\">Continue reading<span class=\"screen-reader-text\">Sad\u00edlkovo mot\u00e1n\u00ed 2016, jaro<\/span><\/a><\/p>\n","protected":false},"author":1,"featured_media":0,"parent":0,"menu_order":0,"comment_status":"closed","ping_status":"closed","template":"","meta":{"ngg_post_thumbnail":0,"footnotes":""},"class_list":["post-44","page","type-page","status-publish","hentry"],"_links":{"self":[{"href":"https:\/\/www.wildhogs.cz\/index.php\/wp-json\/wp\/v2\/pages\/44","targetHints":{"allow":["GET"]}}],"collection":[{"href":"https:\/\/www.wildhogs.cz\/index.php\/wp-json\/wp\/v2\/pages"}],"about":[{"href":"https:\/\/www.wildhogs.cz\/index.php\/wp-json\/wp\/v2\/types\/page"}],"author":[{"embeddable":true,"href":"https:\/\/www.wildhogs.cz\/index.php\/wp-json\/wp\/v2\/users\/1"}],"replies":[{"embeddable":true,"href":"https:\/\/www.wildhogs.cz\/index.php\/wp-json\/wp\/v2\/comments?post=44"}],"version-history":[{"count":3,"href":"https:\/\/www.wildhogs.cz\/index.php\/wp-json\/wp\/v2\/pages\/44\/revisions"}],"predecessor-version":[{"id":48,"href":"https:\/\/www.wildhogs.cz\/index.php\/wp-json\/wp\/v2\/pages\/44\/revisions\/48"}],"wp:attachment":[{"href":"https:\/\/www.wildhogs.cz\/index.php\/wp-json\/wp\/v2\/media?parent=44"}],"curies":[{"name":"wp","href":"https:\/\/api.w.org\/{rel}","templated":true}]}}