{"id":20,"date":"2016-04-25T11:40:50","date_gmt":"2016-04-25T09:40:50","guid":{"rendered":"http:\/\/www.wildhogs.cz\/?page_id=20"},"modified":"2016-04-25T21:18:27","modified_gmt":"2016-04-25T19:18:27","slug":"alpy-piemont-2016","status":"publish","type":"page","link":"https:\/\/www.wildhogs.cz\/index.php\/alpy-piemont-2016\/","title":{"rendered":"Alpy Piemont 2016"},"content":{"rendered":"<p>Tak akce napl\u00e1nov\u00e1na a d\u00e1-li p\u00e1nb\u016fh, vyraz\u00edme 1.6.2016<br \/>\nP\u0159ipomenut\u00ed Alp z roku 2010 zde<\/p>\n<p>[embedplusvideo height=&#8221;480&#8243; width=&#8221;640&#8243; editlink=&#8221;http:\/\/bit.ly\/1VvtZOO&#8221; standard=&#8221;http:\/\/www.youtube.com\/v\/pWxzdtikAo8?fs=1&#8243; vars=&#8221;ytid=pWxzdtikAo8&amp;width=640&amp;height=480&amp;start=&amp;stop=&amp;rs=w&amp;hd=0&amp;autoplay=0&amp;react=1&amp;chapters=&amp;notes=&#8221; id=&#8221;ep2059&#8243; \/]<\/p>\n<p>&nbsp;<\/p>\n","protected":false},"excerpt":{"rendered":"<p>Tak akce napl\u00e1nov\u00e1na a d\u00e1-li p\u00e1nb\u016fh, vyraz\u00edme 1.6.2016 P\u0159ipomenut\u00ed Alp z roku 2010 zde [embedplusvideo height=&#8221;480&#8243; width=&#8221;640&#8243; editlink=&#8221;http:\/\/bit.ly\/1VvtZOO&#8221; standard=&#8221;http:\/\/www.youtube.com\/v\/pWxzdtikAo8?fs=1&#8243; vars=&#8221;ytid=pWxzdtikAo8&amp;width=640&amp;height=480&amp;start=&amp;stop=&amp;rs=w&amp;hd=0&amp;autoplay=0&amp;react=1&amp;chapters=&amp;notes=&#8221;<\/p>\n<p><a href=\"https:\/\/www.wildhogs.cz\/index.php\/alpy-piemont-2016\/\" class=\"more-link\">Continue reading<span class=\"screen-reader-text\">Alpy Piemont 2016<\/span><\/a><\/p>\n","protected":false},"author":1,"featured_media":0,"parent":0,"menu_order":0,"comment_status":"closed","ping_status":"closed","template":"","meta":{"ngg_post_thumbnail":0,"footnotes":""},"class_list":["post-20","page","type-page","status-publish","hentry"],"_links":{"self":[{"href":"https:\/\/www.wildhogs.cz\/index.php\/wp-json\/wp\/v2\/pages\/20","targetHints":{"allow":["GET"]}}],"collection":[{"href":"https:\/\/www.wildhogs.cz\/index.php\/wp-json\/wp\/v2\/pages"}],"about":[{"href":"https:\/\/www.wildhogs.cz\/index.php\/wp-json\/wp\/v2\/types\/page"}],"author":[{"embeddable":true,"href":"https:\/\/www.wildhogs.cz\/index.php\/wp-json\/wp\/v2\/users\/1"}],"replies":[{"embeddable":true,"href":"https:\/\/www.wildhogs.cz\/index.php\/wp-json\/wp\/v2\/comments?post=20"}],"version-history":[{"count":14,"href":"https:\/\/www.wildhogs.cz\/index.php\/wp-json\/wp\/v2\/pages\/20\/revisions"}],"predecessor-version":[{"id":43,"href":"https:\/\/www.wildhogs.cz\/index.php\/wp-json\/wp\/v2\/pages\/20\/revisions\/43"}],"wp:attachment":[{"href":"https:\/\/www.wildhogs.cz\/index.php\/wp-json\/wp\/v2\/media?parent=20"}],"curies":[{"name":"wp","href":"https:\/\/api.w.org\/{rel}","templated":true}]}}